{"id":825,"date":"2018-04-23T12:35:01","date_gmt":"2018-04-23T10:35:01","guid":{"rendered":"https:\/\/hagric.pl\/contact\/serwis-pojazdow\/"},"modified":"2018-09-28T13:38:36","modified_gmt":"2018-09-28T11:38:36","slug":"vehicles-servicing","status":"publish","type":"page","link":"https:\/\/hagric.pl\/en\/contact\/vehicles-servicing\/","title":{"rendered":"Vehicles servicing"},"content":{"rendered":"","protected":false},"excerpt":{"rendered":"","protected":false},"author":1,"featured_media":0,"parent":811,"menu_order":6,"comment_status":"closed","ping_status":"closed","template":"","meta":{"_acf_changed":false,"inline_featured_image":false,"footnotes":""},"class_list":["post-825","page","type-page","status-publish","hentry"],"acf":[],"yoast_head":"<!-- This site is optimized with the Yoast SEO plugin v22.4 - https:\/\/yoast.com\/wordpress\/plugins\/seo\/ -->\n<title>Vehicles servicing - HAGRIC<\/title>\n<meta name=\"robots\" content=\"index, follow, max-snippet:-1, max-image-preview:large, max-video-preview:-1\" \/>\n<link rel=\"canonical\" href=\"https:\/\/hagric.pl\/kontakt\/serwis-pojazdow\/\" \/>\n<meta property=\"og:locale\" content=\"en_US\" \/>\n<meta property=\"og:type\" content=\"article\" \/>\n<meta property=\"og:title\" content=\"Vehicles servicing - HAGRIC\" \/>\n<meta property=\"og:url\" content=\"https:\/\/hagric.pl\/kontakt\/serwis-pojazdow\/\" \/>\n<meta property=\"og:site_name\" content=\"HAGRIC\" \/>\n<meta property=\"article:modified_time\" content=\"2018-09-28T11:38:36+00:00\" \/>\n<meta name=\"twitter:card\" content=\"summary_large_image\" \/>\n<script type=\"application\/ld+json\" class=\"yoast-schema-graph\">{\"@context\":\"https:\/\/schema.org\",\"@graph\":[{\"@type\":\"WebPage\",\"@id\":\"https:\/\/hagric.pl\/kontakt\/serwis-pojazdow\/\",\"url\":\"https:\/\/hagric.pl\/kontakt\/serwis-pojazdow\/\",\"name\":\"Vehicles servicing - HAGRIC\",\"isPartOf\":{\"@id\":\"https:\/\/hagric.pl\/#website\"},\"datePublished\":\"2018-04-23T10:35:01+00:00\",\"dateModified\":\"2018-09-28T11:38:36+00:00\",\"breadcrumb\":{\"@id\":\"https:\/\/hagric.pl\/kontakt\/serwis-pojazdow\/#breadcrumb\"},\"inLanguage\":\"en-US\",\"potentialAction\":[{\"@type\":\"ReadAction\",\"target\":[\"https:\/\/hagric.pl\/kontakt\/serwis-pojazdow\/\"]}]},{\"@type\":\"BreadcrumbList\",\"@id\":\"https:\/\/hagric.pl\/kontakt\/serwis-pojazdow\/#breadcrumb\",\"itemListElement\":[{\"@type\":\"ListItem\",\"position\":1,\"name\":\"Contact\",\"item\":\"https:\/\/hagric.pl\/kontakt\/\"},{\"@type\":\"ListItem\",\"position\":2,\"name\":\"Vehicles servicing\"}]},{\"@type\":\"WebSite\",\"@id\":\"https:\/\/hagric.pl\/#website\",\"url\":\"https:\/\/hagric.pl\/\",\"name\":\"HAGRIC\",\"description\":\"Skup i Sprzeda\u017c Zwierz\u0105t  Rze\u017anych i Hodowlanych\",\"potentialAction\":[{\"@type\":\"SearchAction\",\"target\":{\"@type\":\"EntryPoint\",\"urlTemplate\":\"https:\/\/hagric.pl\/?s={search_term_string}\"},\"query-input\":\"required name=search_term_string\"}],\"inLanguage\":\"en-US\"}]}<\/script>\n<!-- \/ Yoast SEO plugin. -->","yoast_head_json":{"title":"Vehicles servicing - HAGRIC","robots":{"index":"index","follow":"follow","max-snippet":"max-snippet:-1","max-image-preview":"max-image-preview:large","max-video-preview":"max-video-preview:-1"},"canonical":"https:\/\/hagric.pl\/kontakt\/serwis-pojazdow\/","og_locale":"en_US","og_type":"article","og_title":"Vehicles servicing - HAGRIC","og_url":"https:\/\/hagric.pl\/kontakt\/serwis-pojazdow\/","og_site_name":"HAGRIC","article_modified_time":"2018-09-28T11:38:36+00:00","twitter_card":"summary_large_image","schema":{"@context":"https:\/\/schema.org","@graph":[{"@type":"WebPage","@id":"https:\/\/hagric.pl\/kontakt\/serwis-pojazdow\/","url":"https:\/\/hagric.pl\/kontakt\/serwis-pojazdow\/","name":"Vehicles servicing - HAGRIC","isPartOf":{"@id":"https:\/\/hagric.pl\/#website"},"datePublished":"2018-04-23T10:35:01+00:00","dateModified":"2018-09-28T11:38:36+00:00","breadcrumb":{"@id":"https:\/\/hagric.pl\/kontakt\/serwis-pojazdow\/#breadcrumb"},"inLanguage":"en-US","potentialAction":[{"@type":"ReadAction","target":["https:\/\/hagric.pl\/kontakt\/serwis-pojazdow\/"]}]},{"@type":"BreadcrumbList","@id":"https:\/\/hagric.pl\/kontakt\/serwis-pojazdow\/#breadcrumb","itemListElement":[{"@type":"ListItem","position":1,"name":"Contact","item":"https:\/\/hagric.pl\/kontakt\/"},{"@type":"ListItem","position":2,"name":"Vehicles servicing"}]},{"@type":"WebSite","@id":"https:\/\/hagric.pl\/#website","url":"https:\/\/hagric.pl\/","name":"HAGRIC","description":"Skup i Sprzeda\u017c Zwierz\u0105t  Rze\u017anych i Hodowlanych","potentialAction":[{"@type":"SearchAction","target":{"@type":"EntryPoint","urlTemplate":"https:\/\/hagric.pl\/?s={search_term_string}"},"query-input":"required name=search_term_string"}],"inLanguage":"en-US"}]}},"_links":{"self":[{"href":"https:\/\/hagric.pl\/en\/wp-json\/wp\/v2\/pages\/825","targetHints":{"allow":["GET"]}}],"collection":[{"href":"https:\/\/hagric.pl\/en\/wp-json\/wp\/v2\/pages"}],"about":[{"href":"https:\/\/hagric.pl\/en\/wp-json\/wp\/v2\/types\/page"}],"author":[{"embeddable":true,"href":"https:\/\/hagric.pl\/en\/wp-json\/wp\/v2\/users\/1"}],"replies":[{"embeddable":true,"href":"https:\/\/hagric.pl\/en\/wp-json\/wp\/v2\/comments?post=825"}],"version-history":[{"count":2,"href":"https:\/\/hagric.pl\/en\/wp-json\/wp\/v2\/pages\/825\/revisions"}],"predecessor-version":[{"id":914,"href":"https:\/\/hagric.pl\/en\/wp-json\/wp\/v2\/pages\/825\/revisions\/914"}],"up":[{"embeddable":true,"href":"https:\/\/hagric.pl\/en\/wp-json\/wp\/v2\/pages\/811"}],"wp:attachment":[{"href":"https:\/\/hagric.pl\/en\/wp-json\/wp\/v2\/media?parent=825"}],"curies":[{"name":"wp","href":"https:\/\/api.w.org\/{rel}","templated":true}]}}