{"id":818,"date":"2018-04-23T12:35:01","date_gmt":"2018-04-23T10:34:14","guid":{"rendered":"https:\/\/hagric.pl\/contact\/sprzedaz-warchlakow\/"},"modified":"2024-11-29T10:42:10","modified_gmt":"2024-11-29T09:42:10","slug":"selling-of-piglets","status":"publish","type":"page","link":"https:\/\/hagric.pl\/en\/contact\/selling-of-piglets\/","title":{"rendered":"Selling of piglets"},"content":{"rendered":"","protected":false},"excerpt":{"rendered":"","protected":false},"author":1,"featured_media":0,"parent":811,"menu_order":3,"comment_status":"closed","ping_status":"closed","template":"","meta":{"_acf_changed":false,"inline_featured_image":false,"footnotes":""},"class_list":["post-818","page","type-page","status-publish","hentry"],"acf":[],"yoast_head":"<!-- This site is optimized with the Yoast SEO plugin v22.4 - https:\/\/yoast.com\/wordpress\/plugins\/seo\/ -->\n<title>Selling of piglets - HAGRIC<\/title>\n<meta name=\"robots\" content=\"index, follow, max-snippet:-1, max-image-preview:large, max-video-preview:-1\" \/>\n<link rel=\"canonical\" href=\"https:\/\/hagric.pl\/en\/contact\/selling-of-piglets\/\" \/>\n<meta property=\"og:locale\" content=\"en_US\" \/>\n<meta property=\"og:type\" content=\"article\" \/>\n<meta property=\"og:title\" content=\"Selling of piglets - HAGRIC\" \/>\n<meta property=\"og:url\" content=\"https:\/\/hagric.pl\/en\/contact\/selling-of-piglets\/\" \/>\n<meta property=\"og:site_name\" content=\"HAGRIC\" \/>\n<meta property=\"article:modified_time\" content=\"2024-11-29T09:42:10+00:00\" \/>\n<meta name=\"twitter:card\" content=\"summary_large_image\" \/>\n<script type=\"application\/ld+json\" class=\"yoast-schema-graph\">{\"@context\":\"https:\/\/schema.org\",\"@graph\":[{\"@type\":\"WebPage\",\"@id\":\"https:\/\/hagric.pl\/en\/contact\/selling-of-piglets\/\",\"url\":\"https:\/\/hagric.pl\/en\/contact\/selling-of-piglets\/\",\"name\":\"Selling of piglets - HAGRIC\",\"isPartOf\":{\"@id\":\"https:\/\/hagric.pl\/#website\"},\"datePublished\":\"2018-04-23T10:34:14+00:00\",\"dateModified\":\"2024-11-29T09:42:10+00:00\",\"breadcrumb\":{\"@id\":\"https:\/\/hagric.pl\/en\/contact\/selling-of-piglets\/#breadcrumb\"},\"inLanguage\":\"en-US\",\"potentialAction\":[{\"@type\":\"ReadAction\",\"target\":[\"https:\/\/hagric.pl\/en\/contact\/selling-of-piglets\/\"]}]},{\"@type\":\"BreadcrumbList\",\"@id\":\"https:\/\/hagric.pl\/en\/contact\/selling-of-piglets\/#breadcrumb\",\"itemListElement\":[{\"@type\":\"ListItem\",\"position\":1,\"name\":\"Contact\",\"item\":\"https:\/\/hagric.pl\/kontakt\/\"},{\"@type\":\"ListItem\",\"position\":2,\"name\":\"Selling of piglets\"}]},{\"@type\":\"WebSite\",\"@id\":\"https:\/\/hagric.pl\/#website\",\"url\":\"https:\/\/hagric.pl\/\",\"name\":\"HAGRIC\",\"description\":\"Skup i Sprzeda\u017c Zwierz\u0105t  Rze\u017anych i Hodowlanych\",\"potentialAction\":[{\"@type\":\"SearchAction\",\"target\":{\"@type\":\"EntryPoint\",\"urlTemplate\":\"https:\/\/hagric.pl\/?s={search_term_string}\"},\"query-input\":\"required name=search_term_string\"}],\"inLanguage\":\"en-US\"}]}<\/script>\n<!-- \/ Yoast SEO plugin. -->","yoast_head_json":{"title":"Selling of piglets - HAGRIC","robots":{"index":"index","follow":"follow","max-snippet":"max-snippet:-1","max-image-preview":"max-image-preview:large","max-video-preview":"max-video-preview:-1"},"canonical":"https:\/\/hagric.pl\/en\/contact\/selling-of-piglets\/","og_locale":"en_US","og_type":"article","og_title":"Selling of piglets - HAGRIC","og_url":"https:\/\/hagric.pl\/en\/contact\/selling-of-piglets\/","og_site_name":"HAGRIC","article_modified_time":"2024-11-29T09:42:10+00:00","twitter_card":"summary_large_image","schema":{"@context":"https:\/\/schema.org","@graph":[{"@type":"WebPage","@id":"https:\/\/hagric.pl\/en\/contact\/selling-of-piglets\/","url":"https:\/\/hagric.pl\/en\/contact\/selling-of-piglets\/","name":"Selling of piglets - HAGRIC","isPartOf":{"@id":"https:\/\/hagric.pl\/#website"},"datePublished":"2018-04-23T10:34:14+00:00","dateModified":"2024-11-29T09:42:10+00:00","breadcrumb":{"@id":"https:\/\/hagric.pl\/en\/contact\/selling-of-piglets\/#breadcrumb"},"inLanguage":"en-US","potentialAction":[{"@type":"ReadAction","target":["https:\/\/hagric.pl\/en\/contact\/selling-of-piglets\/"]}]},{"@type":"BreadcrumbList","@id":"https:\/\/hagric.pl\/en\/contact\/selling-of-piglets\/#breadcrumb","itemListElement":[{"@type":"ListItem","position":1,"name":"Contact","item":"https:\/\/hagric.pl\/kontakt\/"},{"@type":"ListItem","position":2,"name":"Selling of piglets"}]},{"@type":"WebSite","@id":"https:\/\/hagric.pl\/#website","url":"https:\/\/hagric.pl\/","name":"HAGRIC","description":"Skup i Sprzeda\u017c Zwierz\u0105t  Rze\u017anych i Hodowlanych","potentialAction":[{"@type":"SearchAction","target":{"@type":"EntryPoint","urlTemplate":"https:\/\/hagric.pl\/?s={search_term_string}"},"query-input":"required name=search_term_string"}],"inLanguage":"en-US"}]}},"_links":{"self":[{"href":"https:\/\/hagric.pl\/en\/wp-json\/wp\/v2\/pages\/818","targetHints":{"allow":["GET"]}}],"collection":[{"href":"https:\/\/hagric.pl\/en\/wp-json\/wp\/v2\/pages"}],"about":[{"href":"https:\/\/hagric.pl\/en\/wp-json\/wp\/v2\/types\/page"}],"author":[{"embeddable":true,"href":"https:\/\/hagric.pl\/en\/wp-json\/wp\/v2\/users\/1"}],"replies":[{"embeddable":true,"href":"https:\/\/hagric.pl\/en\/wp-json\/wp\/v2\/comments?post=818"}],"version-history":[{"count":3,"href":"https:\/\/hagric.pl\/en\/wp-json\/wp\/v2\/pages\/818\/revisions"}],"predecessor-version":[{"id":2338,"href":"https:\/\/hagric.pl\/en\/wp-json\/wp\/v2\/pages\/818\/revisions\/2338"}],"up":[{"embeddable":true,"href":"https:\/\/hagric.pl\/en\/wp-json\/wp\/v2\/pages\/811"}],"wp:attachment":[{"href":"https:\/\/hagric.pl\/en\/wp-json\/wp\/v2\/media?parent=818"}],"curies":[{"name":"wp","href":"https:\/\/api.w.org\/{rel}","templated":true}]}}