{"id":795,"date":"2018-04-23T12:37:17","date_gmt":"2018-04-23T10:37:17","guid":{"rendered":"https:\/\/hagric.pl\/polityka-prywatnosci\/"},"modified":"2018-10-01T13:55:26","modified_gmt":"2018-10-01T11:55:26","slug":"privacy-policy","status":"publish","type":"page","link":"https:\/\/hagric.pl\/en\/privacy-policy\/","title":{"rendered":"Privacy policy"},"content":{"rendered":"<p><strong>Przez u\u017cywanie strony wyra\u017casz zgod\u0119 na u\u017cywanie ciasteczek zgodnie z&nbsp;Polityk\u0105 Ciasteczek. Je\u017celi nie zgadzasz si\u0119 na u\u017cywanie ciasteczek, powiniene\u015b zmieni\u0107 ustawienia swojej przegl\u0105darki w&nbsp;odpowiedni spos\u00f3b lub zrezygnowa\u0107 z&nbsp;u\u017cywania strony.<\/strong>\n<div class=\"col-margin\"><\/div><div class=\"col-margin\"><\/div><\/p>\n<h2>Co to s\u0105 ciasteczka?<div class=\"col-margin\"><\/div><\/h2>\n<p>Ciasteczka (ang. cookies) to niewielkie pliki, zapisywane i&nbsp;przechowywane na twoim komputerze, tablecie lub smartphonie podczas gdy odwiedzasz r\u00f3\u017cne strony w&nbsp;internecie. Ciasteczko zazwyczaj zawiera nazw\u0119 strony internetowej, z&nbsp;kt\u00f3rej pochodzi, \u201ed\u0142ugo\u015b\u0107 \u017cycia\u201d ciasteczka (to znaczy czas jego istnienia), oraz przypadkowo wygenerowany unikalny numer s\u0142u\u017c\u0105cy do identyfikacji przegl\u0105darki, z&nbsp;jakiej nast\u0119puje po\u0142\u0105czenie ze stron\u0105 internetow\u0105.\n<div class=\"col-margin\"><\/div><div class=\"col-margin\"><\/div><\/p>\n<h2>Do czego s\u0105 u\u017cywane ciasteczka?<div class=\"col-margin\"><\/div><\/h2>\n<ul class=\"list_in_post\">\n<li>Pomagaj\u0105 by strona dzia\u0142a\u0142a szybciej i&nbsp;by\u0142a \u0142atwiejsza w&nbsp;u\u017cyciu,<\/li>\n<li>Pomagaj\u0105 lepiej dopasowa\u0107 tre\u015bci i&nbsp;reklamy do Twoich oczekiwa\u0144 i&nbsp;zainteresowa\u0144,<\/li>\n<li>S\u0142u\u017c\u0105 do zbierania anonimowych statystyk, kt\u00f3re pozwalaj\u0105 zrozumie\u0107 jak u\u017cywana jest strona i&nbsp;pomagaj\u0105 w&nbsp;poprawianiu ich funkcjonalno\u015bci i&nbsp;zawarto\u015bci.<\/li>\n<\/ul>\n<p><div class=\"col-margin\"><\/div><div class=\"col-margin\"><\/div><\/p>\n<h2>Rodzaje plik\u00f3w Cookies wykorzystywane na stronie.<div class=\"col-margin\"><\/div><\/h2>\n<div class=\"table_wrap\">\n<table class=\"cookies\">\n<tbody>\n<tr>\n<td>RODZAJ PLIKU COOKIE<\/td>\n<td>NAZWAPLIKU COOKIE<\/td>\n<td>CEL WYKORZYSTYWANIA PLIKU COOKIE<\/td>\n<td>CZY USUNI\u0118CIE PLIKU UNIEMO\u017bLIWI KORZYSTANIE Z WITRYNY?<\/td>\n<\/tr>\n<tr>\n<td>sesyjne<\/td>\n<td>qtrans_cookie_test, WP-cookie-info, icl_current_language (WordPress)<\/td>\n<td>Przechowywanie identyfikatora sesji u\u017cytkownika i&nbsp;aktualnej wersji j\u0119zykowej.<\/td>\n<td>Nie<\/td>\n<\/tr>\n<tr>\n<td>podmiot\u00f3w zewn\u0119trznych<\/td>\n<td>PREF, testcookie, khcookie, NID, SNID, _utma, _utmb, _utmc, _utmz<\/td>\n<td>Google Maps, Google Analytics, Reklamy Google \u2013 Zbieranie anonimowych statystyk. Wi\u0119cej na: <a href=\"http:\/\/www.google.pl\/intl\/pl\/policies\/technologies\/types\/\">http:\/\/www.google.pl\/intl\/pl\/policies\/technologies\/types\/<\/a>.<\/td>\n<td>Nie<\/td>\n<\/tr>\n<\/tbody>\n<\/table>\n<\/div>\n<p><div class=\"col-margin\"><\/div><div class=\"col-margin\"><\/div><\/p>\n<h2>Konfigurowanie i&nbsp;usuwanie plik\u00f3w \u201ecookies\u201d<div class=\"col-margin\"><\/div><\/h2>\n<p>Przegl\u0105darka internetowa domy\u015blnie dopuszcza umieszczanie plik\u00f3w \u201ecookies\u201d na urz\u0105dzeniu ko\u0144cowym. Ustawienia te mog\u0105 zosta\u0107 zmienione w&nbsp;taki spos\u00f3b, aby blokowa\u0107 automatyczn\u0105 obs\u0142ug\u0119 plik\u00f3w \u201ecookies\u201d w&nbsp;ustawieniach przegl\u0105darki internetowej lub informowa\u0107 o&nbsp;ich ka\u017cdorazowym przes\u0142aniu na urz\u0105dzenie u\u017cytkownika. Szczeg\u00f3\u0142owe informacje o&nbsp;mo\u017cliwo\u015bci i&nbsp;sposobach obs\u0142ugi plik\u00f3w \u201ecookies\u201d dost\u0119pne s\u0105 w&nbsp;ustawieniach oprogramowania (przegl\u0105darki internetowej).<\/p>\n","protected":false},"excerpt":{"rendered":"<p>Przez u\u017cywanie strony wyra\u017casz zgod\u0119 na u\u017cywanie ciasteczek zgodnie z&nbsp;Polityk\u0105 Ciasteczek. Je\u017celi nie zgadzasz si\u0119 na u\u017cywanie ciasteczek, powiniene\u015b zmieni\u0107 ustawienia swojej przegl\u0105darki w&nbsp;odpowiedni spos\u00f3b lub zrezygnowa\u0107 z&nbsp;u\u017cywania strony. Co to s\u0105 ciasteczka? Ciasteczka (ang. cookies) to niewielkie pliki, zapisywane i&nbsp;przechowywane na twoim komputerze, tablecie lub smartphonie podczas gdy odwiedzasz r\u00f3\u017cne strony w&nbsp;internecie. Ciasteczko zazwyczaj&#8230;<\/p>\n","protected":false},"author":1,"featured_media":0,"parent":0,"menu_order":2,"comment_status":"closed","ping_status":"closed","template":"","meta":{"_acf_changed":false,"inline_featured_image":false,"footnotes":""},"class_list":["post-795","page","type-page","status-publish","hentry"],"acf":[],"yoast_head":"<!-- This site is optimized with the Yoast SEO plugin v22.4 - https:\/\/yoast.com\/wordpress\/plugins\/seo\/ -->\n<title>Privacy policy - HAGRIC<\/title>\n<meta name=\"robots\" content=\"index, follow, max-snippet:-1, max-image-preview:large, max-video-preview:-1\" \/>\n<link rel=\"canonical\" href=\"https:\/\/hagric.pl\/polityka-prywatnosci\/\" \/>\n<meta property=\"og:locale\" content=\"en_US\" \/>\n<meta property=\"og:type\" content=\"article\" \/>\n<meta property=\"og:title\" content=\"Privacy policy - HAGRIC\" \/>\n<meta property=\"og:description\" content=\"Przez u\u017cywanie strony wyra\u017casz zgod\u0119 na u\u017cywanie ciasteczek zgodnie z&nbsp;Polityk\u0105 Ciasteczek. Je\u017celi nie zgadzasz si\u0119 na u\u017cywanie ciasteczek, powiniene\u015b zmieni\u0107 ustawienia swojej przegl\u0105darki w&nbsp;odpowiedni spos\u00f3b lub zrezygnowa\u0107 z&nbsp;u\u017cywania strony. Co to s\u0105 ciasteczka? Ciasteczka (ang. cookies) to niewielkie pliki, zapisywane i&nbsp;przechowywane na twoim komputerze, tablecie lub smartphonie podczas gdy odwiedzasz r\u00f3\u017cne strony w&nbsp;internecie. Ciasteczko zazwyczaj...\" \/>\n<meta property=\"og:url\" content=\"https:\/\/hagric.pl\/polityka-prywatnosci\/\" \/>\n<meta property=\"og:site_name\" content=\"HAGRIC\" \/>\n<meta property=\"article:modified_time\" content=\"2018-10-01T11:55:26+00:00\" \/>\n<meta name=\"twitter:card\" content=\"summary_large_image\" \/>\n<meta name=\"twitter:label1\" content=\"Est. reading time\" \/>\n\t<meta name=\"twitter:data1\" content=\"2 minutes\" \/>\n<script type=\"application\/ld+json\" class=\"yoast-schema-graph\">{\"@context\":\"https:\/\/schema.org\",\"@graph\":[{\"@type\":\"WebPage\",\"@id\":\"https:\/\/hagric.pl\/polityka-prywatnosci\/\",\"url\":\"https:\/\/hagric.pl\/polityka-prywatnosci\/\",\"name\":\"Privacy policy - HAGRIC\",\"isPartOf\":{\"@id\":\"https:\/\/hagric.pl\/#website\"},\"datePublished\":\"2018-04-23T10:37:17+00:00\",\"dateModified\":\"2018-10-01T11:55:26+00:00\",\"inLanguage\":\"en-US\",\"potentialAction\":[{\"@type\":\"ReadAction\",\"target\":[\"https:\/\/hagric.pl\/polityka-prywatnosci\/\"]}]},{\"@type\":\"WebSite\",\"@id\":\"https:\/\/hagric.pl\/#website\",\"url\":\"https:\/\/hagric.pl\/\",\"name\":\"HAGRIC\",\"description\":\"Skup i Sprzeda\u017c Zwierz\u0105t  Rze\u017anych i Hodowlanych\",\"potentialAction\":[{\"@type\":\"SearchAction\",\"target\":{\"@type\":\"EntryPoint\",\"urlTemplate\":\"https:\/\/hagric.pl\/?s={search_term_string}\"},\"query-input\":\"required name=search_term_string\"}],\"inLanguage\":\"en-US\"}]}<\/script>\n<!-- \/ Yoast SEO plugin. -->","yoast_head_json":{"title":"Privacy policy - HAGRIC","robots":{"index":"index","follow":"follow","max-snippet":"max-snippet:-1","max-image-preview":"max-image-preview:large","max-video-preview":"max-video-preview:-1"},"canonical":"https:\/\/hagric.pl\/polityka-prywatnosci\/","og_locale":"en_US","og_type":"article","og_title":"Privacy policy - HAGRIC","og_description":"Przez u\u017cywanie strony wyra\u017casz zgod\u0119 na u\u017cywanie ciasteczek zgodnie z&nbsp;Polityk\u0105 Ciasteczek. Je\u017celi nie zgadzasz si\u0119 na u\u017cywanie ciasteczek, powiniene\u015b zmieni\u0107 ustawienia swojej przegl\u0105darki w&nbsp;odpowiedni spos\u00f3b lub zrezygnowa\u0107 z&nbsp;u\u017cywania strony. Co to s\u0105 ciasteczka? Ciasteczka (ang. cookies) to niewielkie pliki, zapisywane i&nbsp;przechowywane na twoim komputerze, tablecie lub smartphonie podczas gdy odwiedzasz r\u00f3\u017cne strony w&nbsp;internecie. Ciasteczko zazwyczaj...","og_url":"https:\/\/hagric.pl\/polityka-prywatnosci\/","og_site_name":"HAGRIC","article_modified_time":"2018-10-01T11:55:26+00:00","twitter_card":"summary_large_image","twitter_misc":{"Est. reading time":"2 minutes"},"schema":{"@context":"https:\/\/schema.org","@graph":[{"@type":"WebPage","@id":"https:\/\/hagric.pl\/polityka-prywatnosci\/","url":"https:\/\/hagric.pl\/polityka-prywatnosci\/","name":"Privacy policy - HAGRIC","isPartOf":{"@id":"https:\/\/hagric.pl\/#website"},"datePublished":"2018-04-23T10:37:17+00:00","dateModified":"2018-10-01T11:55:26+00:00","inLanguage":"en-US","potentialAction":[{"@type":"ReadAction","target":["https:\/\/hagric.pl\/polityka-prywatnosci\/"]}]},{"@type":"WebSite","@id":"https:\/\/hagric.pl\/#website","url":"https:\/\/hagric.pl\/","name":"HAGRIC","description":"Skup i Sprzeda\u017c Zwierz\u0105t  Rze\u017anych i Hodowlanych","potentialAction":[{"@type":"SearchAction","target":{"@type":"EntryPoint","urlTemplate":"https:\/\/hagric.pl\/?s={search_term_string}"},"query-input":"required name=search_term_string"}],"inLanguage":"en-US"}]}},"_links":{"self":[{"href":"https:\/\/hagric.pl\/en\/wp-json\/wp\/v2\/pages\/795","targetHints":{"allow":["GET"]}}],"collection":[{"href":"https:\/\/hagric.pl\/en\/wp-json\/wp\/v2\/pages"}],"about":[{"href":"https:\/\/hagric.pl\/en\/wp-json\/wp\/v2\/types\/page"}],"author":[{"embeddable":true,"href":"https:\/\/hagric.pl\/en\/wp-json\/wp\/v2\/users\/1"}],"replies":[{"embeddable":true,"href":"https:\/\/hagric.pl\/en\/wp-json\/wp\/v2\/comments?post=795"}],"version-history":[{"count":2,"href":"https:\/\/hagric.pl\/en\/wp-json\/wp\/v2\/pages\/795\/revisions"}],"predecessor-version":[{"id":919,"href":"https:\/\/hagric.pl\/en\/wp-json\/wp\/v2\/pages\/795\/revisions\/919"}],"wp:attachment":[{"href":"https:\/\/hagric.pl\/en\/wp-json\/wp\/v2\/media?parent=795"}],"curies":[{"name":"wp","href":"https:\/\/api.w.org\/{rel}","templated":true}]}}